{"id":305,"date":"2020-12-17T10:58:10","date_gmt":"2020-12-17T13:58:10","guid":{"rendered":"http:\/\/bomdiatibia.com\/mda2020\/?page_id=305"},"modified":"2020-12-18T00:42:12","modified_gmt":"2020-12-18T03:42:12","slug":"inscricao-melhor-youtuber","status":"publish","type":"page","link":"https:\/\/bomdiatibia.com\/mda2020\/en\/inscricao-melhor-youtuber\/","title":{"rendered":"Inscri\u00e7\u00e3o \u2013 Melhor Youtuber"},"content":{"rendered":"<div data-elementor-type=\"wp-page\" data-elementor-id=\"305\" class=\"elementor elementor-305\" data-elementor-settings=\"[]\">\n\t\t\t<div class=\"elementor-inner\">\n\t\t\t\t<div class=\"elementor-section-wrap\">\n\t\t\t\t\t\t\t<section class=\"elementor-element elementor-element-8bf3df2 elementor-section-boxed elementor-section-height-default elementor-section-height-default elementor-section elementor-top-section\" data-id=\"8bf3df2\" data-element_type=\"section\" data-settings=\"{&quot;background_background&quot;:&quot;classic&quot;}\">\n\t\t\t\t\t\t<div class=\"elementor-container elementor-column-gap-default\">\n\t\t\t\t<div class=\"elementor-row\">\n\t\t\t\t<div class=\"elementor-element elementor-element-78c6892 elementor-column elementor-col-100 elementor-top-column\" data-id=\"78c6892\" data-element_type=\"column\">\n\t\t\t<div class=\"elementor-column-wrap  elementor-element-populated\">\n\t\t\t\t\t<div class=\"elementor-widget-wrap\">\n\t\t\t\t<div class=\"elementor-element elementor-element-b59fb4e elementor-widget elementor-widget-image\" data-id=\"b59fb4e\" data-element_type=\"widget\" data-widget_type=\"image.default\">\n\t\t\t\t<div class=\"elementor-widget-container\">\n\t\t\t\t\t<div class=\"elementor-image\">\n\t\t\t\t\t\t\t\t\t\t<img loading=\"lazy\" decoding=\"async\" width=\"286\" height=\"289\" src=\"https:\/\/bomdiatibia.com\/mda2020\/wp-content\/uploads\/2020\/12\/youtube.png\" class=\"attachment-large size-large\" alt=\"\" srcset=\"https:\/\/bomdiatibia.com\/mda2020\/wp-content\/uploads\/2020\/12\/youtube.png 286w, https:\/\/bomdiatibia.com\/mda2020\/wp-content\/uploads\/2020\/12\/youtube-12x12.png 12w, https:\/\/bomdiatibia.com\/mda2020\/wp-content\/uploads\/2020\/12\/youtube-100x100.png 100w\" sizes=\"auto, 100vw\" \/>\t\t\t\t\t\t\t\t\t\t\t<\/div>\n\t\t\t\t<\/div>\n\t\t\t\t<\/div>\n\t\t\t\t\t\t<\/div>\n\t\t\t<\/div>\n\t\t<\/div>\n\t\t\t\t\t\t<\/div>\n\t\t\t<\/div>\n\t\t<\/section>\n\t\t\t\t<section class=\"elementor-element elementor-element-8685fd4 elementor-section-boxed elementor-section-height-default elementor-section-height-default elementor-section elementor-top-section\" data-id=\"8685fd4\" data-element_type=\"section\" data-settings=\"{&quot;background_background&quot;:&quot;classic&quot;}\">\n\t\t\t\t\t\t<div class=\"elementor-container elementor-column-gap-default\">\n\t\t\t\t<div class=\"elementor-row\">\n\t\t\t\t<div class=\"elementor-element elementor-element-9518449 elementor-column elementor-col-100 elementor-top-column\" data-id=\"9518449\" data-element_type=\"column\">\n\t\t\t<div class=\"elementor-column-wrap  elementor-element-populated\">\n\t\t\t\t\t<div class=\"elementor-widget-wrap\">\n\t\t\t\t<div class=\"elementor-element elementor-element-fdf6fbd elementor-widget elementor-widget-heading\" data-id=\"fdf6fbd\" data-element_type=\"widget\" data-widget_type=\"heading.default\">\n\t\t\t\t<div class=\"elementor-widget-container\">\n\t\t\t<h2 class=\"elementor-heading-title elementor-size-default\">Inscri\u00e7\u00e3o - Melhor Youtuber<\/h2>\t\t<\/div>\n\t\t\t\t<\/div>\n\t\t\t\t\t\t<\/div>\n\t\t\t<\/div>\n\t\t<\/div>\n\t\t\t\t\t\t<\/div>\n\t\t\t<\/div>\n\t\t<\/section>\n\t\t\t\t<section class=\"elementor-element elementor-element-c51fbea elementor-section-boxed elementor-section-height-default elementor-section-height-default elementor-section elementor-top-section\" data-id=\"c51fbea\" data-element_type=\"section\" data-settings=\"{&quot;background_background&quot;:&quot;classic&quot;}\">\n\t\t\t\t\t\t<div class=\"elementor-container elementor-column-gap-default\">\n\t\t\t\t<div class=\"elementor-row\">\n\t\t\t\t<div class=\"elementor-element elementor-element-1ad07da elementor-column elementor-col-50 elementor-top-column\" data-id=\"1ad07da\" data-element_type=\"column\">\n\t\t\t<div class=\"elementor-column-wrap  elementor-element-populated\">\n\t\t\t\t\t<div class=\"elementor-widget-wrap\">\n\t\t\t\t<div class=\"elementor-element elementor-element-1b3a217 elementor-widget elementor-widget-text-editor\" data-id=\"1b3a217\" data-element_type=\"widget\" data-widget_type=\"text-editor.default\">\n\t\t\t\t<div class=\"elementor-widget-container\">\n\t\t\t\t\t<div class=\"elementor-text-editor elementor-clearfix\"><p><span style=\"font-size: 1rem; color: #ffff99;\">BEST YOUTUBER<\/span><span style=\"font-size: 1rem;\">:\u00a0<\/span><span style=\"font-size: 1rem;\">In this category, you can subscribe if you have a YouTube channel with Tibia content. You may even have content from other games, however, Tibia should be an important part of your content. Regardless of the number of subscribers, you can subscribe your channel, as long as you observe all the rules of this contest;<\/span><\/p><\/div>\n\t\t\t\t<\/div>\n\t\t\t\t<\/div>\n\t\t\t\t\t\t<\/div>\n\t\t\t<\/div>\n\t\t<\/div>\n\t\t\t\t<div class=\"elementor-element elementor-element-1b3e3db elementor-column elementor-col-50 elementor-top-column\" data-id=\"1b3e3db\" data-element_type=\"column\">\n\t\t\t<div class=\"elementor-column-wrap  elementor-element-populated\">\n\t\t\t\t\t<div class=\"elementor-widget-wrap\">\n\t\t\t\t<div class=\"elementor-element elementor-element-b54de56 elementor-widget elementor-widget-shortcode\" data-id=\"b54de56\" data-element_type=\"widget\" data-widget_type=\"shortcode.default\">\n\t\t\t\t<div class=\"elementor-widget-container\">\n\t\t\t\t\t<div class=\"elementor-shortcode\"><\/div>\n\t\t\t\t<\/div>\n\t\t\t\t<\/div>\n\t\t\t\t\t\t<\/div>\n\t\t\t<\/div>\n\t\t<\/div>\n\t\t\t\t\t\t<\/div>\n\t\t\t<\/div>\n\t\t<\/section>\n\t\t\t\t\t\t<\/div>\n\t\t\t<\/div>\n\t\t<\/div>","protected":false},"excerpt":{"rendered":"<p>Inscri\u00e7\u00e3o &#8211; Melhor Youtuber Melhor Youtuber:\u00a0Nesta categoria, voc\u00ea pode se inscrever se tiver um canal no youtube com conte\u00fado do Tibia. Voc\u00ea at\u00e9 pode ter conte\u00fado de outros jogos, no entanto, o Tibia dever\u00e1 ser uma parte importante do seu conte\u00fado. Independentemente do n\u00famero de inscritos, voc\u00ea pode se inscrever no seu canal, desde que &hellip; <\/p>\n<p class=\"link-more\"><a href=\"https:\/\/bomdiatibia.com\/mda2020\/en\/inscricao-melhor-youtuber\/\" class=\"more-link\">Continue reading<span class=\"screen-reader-text\"> &#8220;Inscri\u00e7\u00e3o \u2013 Melhor Youtuber&#8221;<\/span><\/a><\/p>","protected":false},"author":1,"featured_media":0,"parent":0,"menu_order":0,"comment_status":"closed","ping_status":"closed","template":"elementor_header_footer","meta":{"footnotes":""},"class_list":["post-305","page","type-page","status-publish","hentry"],"_links":{"self":[{"href":"https:\/\/bomdiatibia.com\/mda2020\/en\/wp-json\/wp\/v2\/pages\/305","targetHints":{"allow":["GET"]}}],"collection":[{"href":"https:\/\/bomdiatibia.com\/mda2020\/en\/wp-json\/wp\/v2\/pages"}],"about":[{"href":"https:\/\/bomdiatibia.com\/mda2020\/en\/wp-json\/wp\/v2\/types\/page"}],"author":[{"embeddable":true,"href":"https:\/\/bomdiatibia.com\/mda2020\/en\/wp-json\/wp\/v2\/users\/1"}],"replies":[{"embeddable":true,"href":"https:\/\/bomdiatibia.com\/mda2020\/en\/wp-json\/wp\/v2\/comments?post=305"}],"version-history":[{"count":3,"href":"https:\/\/bomdiatibia.com\/mda2020\/en\/wp-json\/wp\/v2\/pages\/305\/revisions"}],"predecessor-version":[{"id":369,"href":"https:\/\/bomdiatibia.com\/mda2020\/en\/wp-json\/wp\/v2\/pages\/305\/revisions\/369"}],"wp:attachment":[{"href":"https:\/\/bomdiatibia.com\/mda2020\/en\/wp-json\/wp\/v2\/media?parent=305"}],"curies":[{"name":"wp","href":"https:\/\/api.w.org\/{rel}","templated":true}]}}