{"id":311,"date":"2020-12-17T10:59:14","date_gmt":"2020-12-17T13:59:14","guid":{"rendered":"http:\/\/bomdiatibia.com\/mda2020\/?page_id=311"},"modified":"2020-12-18T00:43:49","modified_gmt":"2020-12-18T03:43:49","slug":"inscricao-streamer-revelacao","status":"publish","type":"page","link":"https:\/\/bomdiatibia.com\/mda2020\/en\/inscricao-streamer-revelacao\/","title":{"rendered":"Inscri\u00e7\u00e3o \u2013 Streamer Revela\u00e7\u00e3o"},"content":{"rendered":"<div data-elementor-type=\"wp-page\" data-elementor-id=\"311\" class=\"elementor elementor-311\" data-elementor-settings=\"[]\">\n\t\t\t<div class=\"elementor-inner\">\n\t\t\t\t<div class=\"elementor-section-wrap\">\n\t\t\t\t\t\t\t<section class=\"elementor-element elementor-element-88fdc8e elementor-section-boxed elementor-section-height-default elementor-section-height-default elementor-section elementor-top-section\" data-id=\"88fdc8e\" data-element_type=\"section\" data-settings=\"{&quot;background_background&quot;:&quot;classic&quot;}\">\n\t\t\t\t\t\t<div class=\"elementor-container elementor-column-gap-default\">\n\t\t\t\t<div class=\"elementor-row\">\n\t\t\t\t<div class=\"elementor-element elementor-element-b9cb479 elementor-column elementor-col-100 elementor-top-column\" data-id=\"b9cb479\" data-element_type=\"column\">\n\t\t\t<div class=\"elementor-column-wrap  elementor-element-populated\">\n\t\t\t\t\t<div class=\"elementor-widget-wrap\">\n\t\t\t\t<div class=\"elementor-element elementor-element-45cdde0 elementor-widget elementor-widget-image\" data-id=\"45cdde0\" data-element_type=\"widget\" data-widget_type=\"image.default\">\n\t\t\t\t<div class=\"elementor-widget-container\">\n\t\t\t\t\t<div class=\"elementor-image\">\n\t\t\t\t\t\t\t\t\t\t<img loading=\"lazy\" decoding=\"async\" width=\"82\" height=\"82\" src=\"https:\/\/bomdiatibia.com\/mda2020\/wp-content\/uploads\/2020\/12\/revelacao.png\" class=\"attachment-large size-large\" alt=\"\" srcset=\"https:\/\/bomdiatibia.com\/mda2020\/wp-content\/uploads\/2020\/12\/revelacao.png 82w, https:\/\/bomdiatibia.com\/mda2020\/wp-content\/uploads\/2020\/12\/revelacao-12x12.png 12w\" sizes=\"auto, 100vw\" \/>\t\t\t\t\t\t\t\t\t\t\t<\/div>\n\t\t\t\t<\/div>\n\t\t\t\t<\/div>\n\t\t\t\t\t\t<\/div>\n\t\t\t<\/div>\n\t\t<\/div>\n\t\t\t\t\t\t<\/div>\n\t\t\t<\/div>\n\t\t<\/section>\n\t\t\t\t<section class=\"elementor-element elementor-element-6b7601d elementor-section-boxed elementor-section-height-default elementor-section-height-default elementor-section elementor-top-section\" data-id=\"6b7601d\" data-element_type=\"section\" data-settings=\"{&quot;background_background&quot;:&quot;classic&quot;}\">\n\t\t\t\t\t\t<div class=\"elementor-container elementor-column-gap-default\">\n\t\t\t\t<div class=\"elementor-row\">\n\t\t\t\t<div class=\"elementor-element elementor-element-d9ad982 elementor-column elementor-col-100 elementor-top-column\" data-id=\"d9ad982\" data-element_type=\"column\">\n\t\t\t<div class=\"elementor-column-wrap  elementor-element-populated\">\n\t\t\t\t\t<div class=\"elementor-widget-wrap\">\n\t\t\t\t<div class=\"elementor-element elementor-element-e06b98a elementor-widget elementor-widget-heading\" data-id=\"e06b98a\" data-element_type=\"widget\" data-widget_type=\"heading.default\">\n\t\t\t\t<div class=\"elementor-widget-container\">\n\t\t\t<h2 class=\"elementor-heading-title elementor-size-default\">Inscri\u00e7\u00e3o - Streamer revela\u00e7\u00e3o<\/h2>\t\t<\/div>\n\t\t\t\t<\/div>\n\t\t\t\t\t\t<\/div>\n\t\t\t<\/div>\n\t\t<\/div>\n\t\t\t\t\t\t<\/div>\n\t\t\t<\/div>\n\t\t<\/section>\n\t\t\t\t<section class=\"elementor-element elementor-element-96a8390 elementor-section-boxed elementor-section-height-default elementor-section-height-default elementor-section elementor-top-section\" data-id=\"96a8390\" data-element_type=\"section\" data-settings=\"{&quot;background_background&quot;:&quot;classic&quot;}\">\n\t\t\t\t\t\t<div class=\"elementor-container elementor-column-gap-default\">\n\t\t\t\t<div class=\"elementor-row\">\n\t\t\t\t<div class=\"elementor-element elementor-element-c14f17c elementor-column elementor-col-50 elementor-top-column\" data-id=\"c14f17c\" data-element_type=\"column\">\n\t\t\t<div class=\"elementor-column-wrap  elementor-element-populated\">\n\t\t\t\t\t<div class=\"elementor-widget-wrap\">\n\t\t\t\t<div class=\"elementor-element elementor-element-9e465e3 elementor-widget elementor-widget-text-editor\" data-id=\"9e465e3\" data-element_type=\"widget\" data-widget_type=\"text-editor.default\">\n\t\t\t\t<div class=\"elementor-widget-container\">\n\t\t\t\t\t<div class=\"elementor-text-editor elementor-clearfix\"><p><span style=\"color: #ffff99;\">Streamer Revela\u00e7\u00e3o:<\/span>\u00a0 Exclusive category for new streamers. At the moment, streamers using Twitch or Mixer will be accepted. In this category, only streamers who started their activities in 2020 or in previous years, but who have no more than 5k followers, will be able to subscribe. Realize that if you started in 2020, no matter how many followers, you are able to come in, even if you have more than 5k followers.\u00a0<\/p><\/div>\n\t\t\t\t<\/div>\n\t\t\t\t<\/div>\n\t\t\t\t\t\t<\/div>\n\t\t\t<\/div>\n\t\t<\/div>\n\t\t\t\t<div class=\"elementor-element elementor-element-eea21ae elementor-column elementor-col-50 elementor-top-column\" data-id=\"eea21ae\" data-element_type=\"column\">\n\t\t\t<div class=\"elementor-column-wrap  elementor-element-populated\">\n\t\t\t\t\t<div class=\"elementor-widget-wrap\">\n\t\t\t\t<div class=\"elementor-element elementor-element-c49a753 elementor-widget elementor-widget-shortcode\" data-id=\"c49a753\" data-element_type=\"widget\" data-widget_type=\"shortcode.default\">\n\t\t\t\t<div class=\"elementor-widget-container\">\n\t\t\t\t\t<div class=\"elementor-shortcode\"><\/div>\n\t\t\t\t<\/div>\n\t\t\t\t<\/div>\n\t\t\t\t\t\t<\/div>\n\t\t\t<\/div>\n\t\t<\/div>\n\t\t\t\t\t\t<\/div>\n\t\t\t<\/div>\n\t\t<\/section>\n\t\t\t\t\t\t<\/div>\n\t\t\t<\/div>\n\t\t<\/div>","protected":false},"excerpt":{"rendered":"<p>Inscri\u00e7\u00e3o &#8211; Streamer revela\u00e7\u00e3o Streamer Revela\u00e7\u00e3o:\u00a0 Categoria exclusiva para os novos streamers. No momento, ser\u00e3o aceitos os streamers que utilizam a Twitch ou o Mixer.\u00a0 Nessa categoria, apenas poder\u00e3o se inscrever os streamers que iniciaram suas atividades no ano de 2020 ou em anos anteriroes mas que n\u00e3o tenham mais do que 5k de seguidores.\u00a0<\/p>","protected":false},"author":1,"featured_media":0,"parent":0,"menu_order":0,"comment_status":"closed","ping_status":"closed","template":"elementor_header_footer","meta":{"footnotes":""},"class_list":["post-311","page","type-page","status-publish","hentry"],"_links":{"self":[{"href":"https:\/\/bomdiatibia.com\/mda2020\/en\/wp-json\/wp\/v2\/pages\/311","targetHints":{"allow":["GET"]}}],"collection":[{"href":"https:\/\/bomdiatibia.com\/mda2020\/en\/wp-json\/wp\/v2\/pages"}],"about":[{"href":"https:\/\/bomdiatibia.com\/mda2020\/en\/wp-json\/wp\/v2\/types\/page"}],"author":[{"embeddable":true,"href":"https:\/\/bomdiatibia.com\/mda2020\/en\/wp-json\/wp\/v2\/users\/1"}],"replies":[{"embeddable":true,"href":"https:\/\/bomdiatibia.com\/mda2020\/en\/wp-json\/wp\/v2\/comments?post=311"}],"version-history":[{"count":3,"href":"https:\/\/bomdiatibia.com\/mda2020\/en\/wp-json\/wp\/v2\/pages\/311\/revisions"}],"predecessor-version":[{"id":372,"href":"https:\/\/bomdiatibia.com\/mda2020\/en\/wp-json\/wp\/v2\/pages\/311\/revisions\/372"}],"wp:attachment":[{"href":"https:\/\/bomdiatibia.com\/mda2020\/en\/wp-json\/wp\/v2\/media?parent=311"}],"curies":[{"name":"wp","href":"https:\/\/api.w.org\/{rel}","templated":true}]}}