{"id":282,"date":"2020-12-16T13:20:01","date_gmt":"2020-12-16T16:20:01","guid":{"rendered":"http:\/\/bomdiatibia.com\/mda2020\/?page_id=282"},"modified":"2020-12-18T13:12:30","modified_gmt":"2020-12-18T16:12:30","slug":"regras","status":"publish","type":"page","link":"https:\/\/bomdiatibia.com\/mda2020\/regras\/","title":{"rendered":"Regras"},"content":{"rendered":"\t\t<div data-elementor-type=\"wp-page\" data-elementor-id=\"282\" class=\"elementor elementor-282\" data-elementor-settings=\"[]\">\n\t\t\t<div class=\"elementor-inner\">\n\t\t\t\t<div class=\"elementor-section-wrap\">\n\t\t\t\t\t\t\t<section class=\"elementor-element elementor-element-2b31cc7 elementor-section-boxed elementor-section-height-default elementor-section-height-default elementor-section elementor-top-section\" data-id=\"2b31cc7\" data-element_type=\"section\" data-settings=\"{&quot;background_background&quot;:&quot;classic&quot;}\">\n\t\t\t\t\t\t\t<div class=\"elementor-background-overlay\"><\/div>\n\t\t\t\t\t\t\t<div class=\"elementor-container elementor-column-gap-default\">\n\t\t\t\t<div class=\"elementor-row\">\n\t\t\t\t<div class=\"elementor-element elementor-element-9dcde72 elementor-column elementor-col-100 elementor-top-column\" data-id=\"9dcde72\" data-element_type=\"column\">\n\t\t\t<div class=\"elementor-column-wrap  elementor-element-populated\">\n\t\t\t\t\t<div class=\"elementor-widget-wrap\">\n\t\t\t\t<div class=\"elementor-element elementor-element-94033d7 elementor-widget elementor-widget-heading\" data-id=\"94033d7\" data-element_type=\"widget\" data-widget_type=\"heading.default\">\n\t\t\t\t<div class=\"elementor-widget-container\">\n\t\t\t<h2 class=\"elementor-heading-title elementor-size-default\"><br><br>REGRAS GERAIS - TODAS AS CATEGORIAS<br><br><br><\/h2>\t\t<\/div>\n\t\t\t\t<\/div>\n\t\t\t\t\t\t<\/div>\n\t\t\t<\/div>\n\t\t<\/div>\n\t\t\t\t\t\t<\/div>\n\t\t\t<\/div>\n\t\t<\/section>\n\t\t\t\t<section class=\"elementor-element elementor-element-6d4d060 elementor-section-boxed elementor-section-height-default elementor-section-height-default elementor-section elementor-top-section\" data-id=\"6d4d060\" data-element_type=\"section\" data-settings=\"{&quot;background_background&quot;:&quot;classic&quot;}\">\n\t\t\t\t\t\t<div class=\"elementor-container elementor-column-gap-default\">\n\t\t\t\t<div class=\"elementor-row\">\n\t\t\t\t<div class=\"elementor-element elementor-element-a2e9ffe elementor-column elementor-col-100 elementor-top-column\" data-id=\"a2e9ffe\" data-element_type=\"column\">\n\t\t\t<div class=\"elementor-column-wrap  elementor-element-populated\">\n\t\t\t\t\t<div class=\"elementor-widget-wrap\">\n\t\t\t\t<div class=\"elementor-element elementor-element-efa601c elementor-widget elementor-widget-text-editor\" data-id=\"efa601c\" data-element_type=\"widget\" data-widget_type=\"text-editor.default\">\n\t\t\t\t<div class=\"elementor-widget-container\">\n\t\t\t\t\t<div class=\"elementor-text-editor elementor-clearfix\"><p>REGRAS GERAIS<br \/>Sobre o evento:\u00a0<\/p><p>O Melhor do Ano \u00e9 um pr\u00eamio anual oferecido pela BomDiaTibia.com em parceria com a CipSoft Gmbh. O pr\u00eamio tem como objetivo reconhecer os esfor\u00e7os dos membros da comunidade tibiana no Brasil e no mundo, recompensando-os com itens de jogo. O evento anual \u00e9 a soma dos esfor\u00e7os de todos os membros da staff do BomDiaTibia (BDT), um fansite com\u00a0 anos de hist\u00f3ria e um dos maiores fansites do Tibia no mundo.<\/p><p><strong><span style=\"color: #ffcc00;\">2. Quem pode inscrever-se:\u00a0<\/span><\/strong><\/p><p><span style=\"color: #ffff00;\">CATEGORIAS PRINCIPAIS<\/span><\/p><p>Ser\u00e3o 08 Categorias e voc\u00ea pode optar por APENAS UM por personagem.<\/p><p>Vencedores da \u00faltima edi\u00e7\u00e3o <span style=\"color: #ff0000;\"><strong>N\u00c3O PODER\u00c3O PARTICIPAR ESSE ANO<\/strong><\/span>, EXCETO, EM OUTRA CATEGORIA DIFERENTE DA QUE FOI O VENCEDOR NA EDICAO 2019.<\/p><p><span style=\"color: #ffff99;\">2.1<\/span> <span style=\"color: #ffff99;\">Melhor Fansite<\/span>:\u00a0\u00a0<span style=\"font-size: 1rem;\">Esta categoria \u00e9 exclusiva para os administradores oficiais de fansites, ou seja, aqueles que fazem parte do Programa de Fansites da CipSoft. Somente os administradores (contatos respons\u00e1veis por cada site) podem se inscrever.<\/span><\/p><p><span style=\"font-size: 1rem; color: #ffff99;\">2.2 Melhor Youtuber<\/span><span style=\"font-size: 1rem;\">:\u00a0<\/span><span style=\"font-size: 1rem;\">Nesta categoria, voc\u00ea pode se inscrever se tiver um canal no youtube com conte\u00fado do Tibia. Voc\u00ea at\u00e9 pode ter conte\u00fado de outros jogos, no entanto, o Tibia dever\u00e1 ser uma parte importante do seu conte\u00fado. Independentemente do n\u00famero de inscritos, voc\u00ea pode se inscrever no seu canal, desde que observe todas as regras deste concurso;<\/span><\/p><p><span style=\"color: #ffff99;\">2.3 Player Not\u00e1vel<\/span>: Esta categoria \u00e9 para uso geral, qualquer jogador pode se inscrever desde que cumpra todos os par\u00e2metros legais estabelecidos nesta p\u00e1gina. Independentemente do n\u00edvel, mundo e voca\u00e7\u00e3o, voc\u00ea pode competir normalmente.<\/p><p><span style=\"color: #ffff99;\">2.4 Melhor Streamer<\/span>:\u00a0\u00a0<span style=\"font-size: 1rem;\">Nesta categoria, voc\u00ea pode se inscrever-se como um streamer regular do Tibia. As plataformas aceitas para esta categoria s\u00e3o: Twitch,\u00a0 Youtube Gaming e Mixer. Diferentemente da categoria Youtuber, esta categoria \u00e9 dedicada aos jogadores que transmitem no formato Streaming (ao vivo) e n\u00e3o aos v\u00eddeos editados. Se o seu canal \u00e9 sobre v\u00eddeos editados, escolha a categoria Melhor Yotuber.<\/span><\/p><p><span style=\"color: #ffff00;\">CATEGORIAS DE HONRA<\/span><\/p><p><span style=\"color: #ffff99;\">2.5 Streamer Revela\u00e7\u00e3o:<\/span>\u00a0 Categoria exclusiva para os novos streamers. No momento, ser\u00e3o aceitos os streamers que utilizam a Twitch ou o Mixer.\u00a0 Nessa categoria, apenas poder\u00e3o se inscrever os streamers que iniciaram suas atividades no ano de 2020 ou em anos anteriroes mas que n\u00e3o tenham mais do que 5k de seguidores.\u00a0<\/p><p><span style=\"color: #ffff99;\">2.6 Melhor Guild:<\/span>\u00a0 Categoria dedicada \u00e0s guilds. Apenas o l\u00edder pode inscrever sua guild. Em caso de vit\u00f3ria, apenas o l\u00edder da guild receber\u00e1 os pr\u00eamios descritos nas regras.\u00a0\u00a0<\/p><p><span style=\"color: #ffff99;\">2.Melhor Batalha PvP (X1):<\/span>\u00a0 Categoria dedicada ao X1. Se voc\u00ea tem v\u00eddeo ou imagem de sua batalha X1, voc\u00ea pode concorrer nessa categoria. O nome do player vencedor do X1 receber\u00e1 o pr\u00eamio em caso de vit\u00f3ria na vota\u00e7\u00e3o.\u00a0 Em caso de v\u00eddeo no youtube, a data de upload deve ser do ano de 2020.<\/p><p><span style=\"color: #ffff99;\">2.Melhor Boss Hunter:<\/span>\u00a0 Se voc\u00ea \u00e9 digno do t\u00edtulo de Boss Hunter, prepare-se para receber um grande e pesado trof\u00e9u. Se voc\u00ea possui imagens e v\u00eddeos de suas hunts, voc\u00ea j\u00e1 est\u00e1 apto a participar nessa categoria. Lembre-se de que os v\u00eddeos devem ser do ano de 2020.\u00a0<\/p><p><span style=\"color: #ffff99;\"><strong>3. Prazos e Condi\u00e7\u00f5es:<\/strong><\/span><br \/>O per\u00edodo de inscri\u00e7\u00e3o come\u00e7a em <span style=\"color: #ffff99;\">18 de Dezembro de 2020<\/span> a <span style=\"color: #ffff99;\">23 de Dezembro de 2020<\/span> at\u00e9 23:59 (hor\u00e1rio de Bras\u00edlia);<br \/>O processo de vota\u00e7\u00e3o popular come\u00e7a em <span style=\"color: #ffff99;\">25 de Dezembro<\/span> de 2020 a <span style=\"color: #ffff99;\">31 de Dezembro<\/span> 2020 at\u00e9 23:59 (hor\u00e1rio de Bras\u00edlia);<br \/>O resultado ser\u00e1 divulgado entre os dias 1 e 2 de Janeiro de 2021.<\/p><p>Os pr\u00eamios ser\u00e3o entregues em at\u00e9 5 dias \u00fateis ap\u00f3s o t\u00e9rmino do prazo de vota\u00e7\u00e3o.\u00a0<\/p><p><span style=\"color: #ffff99;\"><strong>4. Sobre o processo de julgamento:<\/strong><\/span><\/p><p>Assim que o per\u00edodo de registro expirar (Item 3), a equipe da BomDiaTibia selecionar\u00e1 os 5 principais representantes de cada categoria. Assim que esse processo for anunciado, os cinco primeiros de cada categoria poder\u00e3o iniciar o processo de divulga\u00e7\u00e3o para solicitar votos de seu p\u00fablico. Os competidores devem usar suas pr\u00f3prias plataformas para coletar votos postando o link de vota\u00e7\u00e3o, que estar\u00e1 dispon\u00edvel assim que o processo de registro for finalizado.<\/p><p><span style=\"color: #ffff99;\"><strong>5. Sobre as campanhas:<\/strong><\/span><\/p><p>Voc\u00ea pode iniciar sua campanha assim que souber que est\u00e1 entre os 5 selecionados em cada categoria. Voc\u00ea deve usar suas plataformas (youtube, twitch, etc) para pedir votos a seus seguidores. \u00c9 o voto popular que definir\u00e1 o grande vencedor de cada uma das 5 categorias. Cada usu\u00e1rio pode votar apenas uma vez em todo o concurso.<\/p><p><span style=\"color: #ffff99;\"><strong>6. Pol\u00edtica de SPAM:\u00a0<\/strong><\/span><\/p><p>Lembre-se de que voc\u00ea N\u00c3O pode enviar spam no f\u00f3rum oficial do Tibia para solicitar votos. Se voc\u00ea fizer de qualquer maneira, pode ser punido de acordo com os termos da pol\u00edtica oficial de spam do site oficial do Tibia. Voc\u00ea pode usar o link de vota\u00e7\u00e3o no jogo, no entanto, fa\u00e7a-o com responsabilidade, sem enviar spam nos canais de trade, bate-papo e outros canais.<\/p><p><strong><span style=\"color: #ffff99;\">7. Pol\u00edtica de Seguran\u00e7a:<\/span><\/strong><\/p><p>A equipe da BomDiaTibia estar\u00e1 monitorando o registro de vota\u00e7\u00e3o. Se identificarmos<span style=\"text-decoration: underline; color: #ffff99;\"><strong> qualquer tentativa de fraude<\/strong><\/span> para aumentar o n\u00famero de votos, o <span style=\"color: #ffff99;\">candidato ser\u00e1 removido da lista de vota\u00e7\u00e3o e impedido de participar das pr\u00f3ximas competi\u00e7\u00f5es do BDT<\/span>. As tentativas de vota\u00e7\u00e3o em massa ser\u00e3o identificadas e a pessoa respons\u00e1vel ser\u00e1 punida de acordo com a lei.<\/p><p>Se voc\u00ea tiver alguma d\u00favida relacionada ao concurso, use a op\u00e7\u00e3o &#8220;Contato&#8221; no menu principal do BomDiaTibia.com ou envie um email para admin@bomdiatibia.com ou, AINDA,\u00a0 use nosso f\u00f3rum, que possui um t\u00f3pico espec\u00edfico para esclarecer as d\u00favidas dos participantes .<\/p><p>T\u00f3pico para d\u00favidas: <span style=\"color: #ffff00;\"><a style=\"color: #ffff00;\" href=\"https:\/\/www.bomdiatibia.com\/forum\/concursos-abertos\/melhores-do-ano-2020-topico-para-duvidas-faq\/\">https:\/\/www.bomdiatibia.com\/forum\/concursos-abertos\/melhores-do-ano-2020-topico-para-duvidas-faq\/<\/a><\/span><\/p><\/div>\n\t\t\t\t<\/div>\n\t\t\t\t<\/div>\n\t\t\t\t\t\t<\/div>\n\t\t\t<\/div>\n\t\t<\/div>\n\t\t\t\t\t\t<\/div>\n\t\t\t<\/div>\n\t\t<\/section>\n\t\t\t\t<section class=\"elementor-element elementor-element-5766c07 elementor-section-boxed elementor-section-height-default elementor-section-height-default elementor-section elementor-top-section\" data-id=\"5766c07\" data-element_type=\"section\" data-settings=\"{&quot;background_background&quot;:&quot;classic&quot;}\">\n\t\t\t\t\t\t<div class=\"elementor-container elementor-column-gap-default\">\n\t\t\t\t<div class=\"elementor-row\">\n\t\t\t\t<div class=\"elementor-element elementor-element-19648ba elementor-column elementor-col-100 elementor-top-column\" data-id=\"19648ba\" data-element_type=\"column\">\n\t\t\t<div class=\"elementor-column-wrap  elementor-element-populated\">\n\t\t\t\t\t<div class=\"elementor-widget-wrap\">\n\t\t\t\t<div class=\"elementor-element elementor-element-46ef244 elementor-align-center elementor-widget elementor-widget-button\" data-id=\"46ef244\" data-element_type=\"widget\" data-widget_type=\"button.default\">\n\t\t\t\t<div class=\"elementor-widget-container\">\n\t\t\t\t\t<div class=\"elementor-button-wrapper\">\n\t\t\t<a href=\"https:\/\/bomdiatibia.com\/mda2020\/inscricao\/\" class=\"elementor-button-link elementor-button elementor-size-xl\" role=\"button\">\n\t\t\t\t\t\t<span class=\"elementor-button-content-wrapper\">\n\t\t\t\t\t\t<span class=\"elementor-button-icon elementor-align-icon-left\">\n\t\t\t\t<i aria-hidden=\"true\" class=\"fas fa-trophy\"><\/i>\t\t\t<\/span>\n\t\t\t\t\t\t<span class=\"elementor-button-text\">PARTICIPAR AGORA<\/span>\n\t\t<\/span>\n\t\t\t\t\t<\/a>\n\t\t<\/div>\n\t\t\t\t<\/div>\n\t\t\t\t<\/div>\n\t\t\t\t\t\t<\/div>\n\t\t\t<\/div>\n\t\t<\/div>\n\t\t\t\t\t\t<\/div>\n\t\t\t<\/div>\n\t\t<\/section>\n\t\t\t\t\t\t<\/div>\n\t\t\t<\/div>\n\t\t<\/div>\n\t\t","protected":false},"excerpt":{"rendered":"<p>REGRAS GERAIS &#8211; TODAS AS CATEGORIAS REGRAS GERAISSobre o evento:\u00a0 O Melhor do Ano \u00e9 um pr\u00eamio anual oferecido pela BomDiaTibia.com em parceria com a CipSoft Gmbh. O pr\u00eamio tem como objetivo reconhecer os esfor\u00e7os dos membros da comunidade tibiana no Brasil e no mundo, recompensando-os com itens de jogo. O evento anual \u00e9 a &hellip; <\/p>\n<p class=\"link-more\"><a href=\"https:\/\/bomdiatibia.com\/mda2020\/regras\/\" class=\"more-link\">Continue lendo<span class=\"screen-reader-text\"> &#8220;Regras&#8221;<\/span><\/a><\/p>\n","protected":false},"author":1,"featured_media":0,"parent":0,"menu_order":0,"comment_status":"closed","ping_status":"closed","template":"elementor_header_footer","meta":{"footnotes":""},"class_list":["post-282","page","type-page","status-publish","hentry"],"_links":{"self":[{"href":"https:\/\/bomdiatibia.com\/mda2020\/wp-json\/wp\/v2\/pages\/282","targetHints":{"allow":["GET"]}}],"collection":[{"href":"https:\/\/bomdiatibia.com\/mda2020\/wp-json\/wp\/v2\/pages"}],"about":[{"href":"https:\/\/bomdiatibia.com\/mda2020\/wp-json\/wp\/v2\/types\/page"}],"author":[{"embeddable":true,"href":"https:\/\/bomdiatibia.com\/mda2020\/wp-json\/wp\/v2\/users\/1"}],"replies":[{"embeddable":true,"href":"https:\/\/bomdiatibia.com\/mda2020\/wp-json\/wp\/v2\/comments?post=282"}],"version-history":[{"count":14,"href":"https:\/\/bomdiatibia.com\/mda2020\/wp-json\/wp\/v2\/pages\/282\/revisions"}],"predecessor-version":[{"id":376,"href":"https:\/\/bomdiatibia.com\/mda2020\/wp-json\/wp\/v2\/pages\/282\/revisions\/376"}],"wp:attachment":[{"href":"https:\/\/bomdiatibia.com\/mda2020\/wp-json\/wp\/v2\/media?parent=282"}],"curies":[{"name":"wp","href":"https:\/\/api.w.org\/{rel}","templated":true}]}}