{"id":307,"date":"2020-12-17T10:58:31","date_gmt":"2020-12-17T13:58:31","guid":{"rendered":"http:\/\/bomdiatibia.com\/mda2020\/?page_id=307"},"modified":"2020-12-18T00:42:48","modified_gmt":"2020-12-18T03:42:48","slug":"inscricao-player-notavel","status":"publish","type":"page","link":"https:\/\/bomdiatibia.com\/mda2020\/inscricao-player-notavel\/","title":{"rendered":"Inscri\u00e7\u00e3o \u2013 Player Not\u00e1vel"},"content":{"rendered":"\t\t<div data-elementor-type=\"wp-page\" data-elementor-id=\"307\" class=\"elementor elementor-307\" data-elementor-settings=\"[]\">\n\t\t\t<div class=\"elementor-inner\">\n\t\t\t\t<div class=\"elementor-section-wrap\">\n\t\t\t\t\t\t\t<section class=\"elementor-element elementor-element-3367bb9 elementor-section-boxed elementor-section-height-default elementor-section-height-default elementor-section elementor-top-section\" data-id=\"3367bb9\" data-element_type=\"section\" data-settings=\"{&quot;background_background&quot;:&quot;classic&quot;}\">\n\t\t\t\t\t\t<div class=\"elementor-container elementor-column-gap-default\">\n\t\t\t\t<div class=\"elementor-row\">\n\t\t\t\t<div class=\"elementor-element elementor-element-b62d3b2 elementor-column elementor-col-100 elementor-top-column\" data-id=\"b62d3b2\" data-element_type=\"column\">\n\t\t\t<div class=\"elementor-column-wrap  elementor-element-populated\">\n\t\t\t\t\t<div class=\"elementor-widget-wrap\">\n\t\t\t\t<div class=\"elementor-element elementor-element-e2009be elementor-widget elementor-widget-image\" data-id=\"e2009be\" data-element_type=\"widget\" data-widget_type=\"image.default\">\n\t\t\t\t<div class=\"elementor-widget-container\">\n\t\t\t\t\t<div class=\"elementor-image\">\n\t\t\t\t\t\t\t\t\t\t<img loading=\"lazy\" decoding=\"async\" width=\"286\" height=\"289\" src=\"https:\/\/bomdiatibia.com\/mda2020\/wp-content\/uploads\/2020\/12\/player.png\" class=\"attachment-large size-large\" alt=\"\" srcset=\"https:\/\/bomdiatibia.com\/mda2020\/wp-content\/uploads\/2020\/12\/player.png 286w, https:\/\/bomdiatibia.com\/mda2020\/wp-content\/uploads\/2020\/12\/player-12x12.png 12w, https:\/\/bomdiatibia.com\/mda2020\/wp-content\/uploads\/2020\/12\/player-100x100.png 100w\" sizes=\"auto, 100vw\" \/>\t\t\t\t\t\t\t\t\t\t\t<\/div>\n\t\t\t\t<\/div>\n\t\t\t\t<\/div>\n\t\t\t\t\t\t<\/div>\n\t\t\t<\/div>\n\t\t<\/div>\n\t\t\t\t\t\t<\/div>\n\t\t\t<\/div>\n\t\t<\/section>\n\t\t\t\t<section class=\"elementor-element elementor-element-2010248 elementor-section-boxed elementor-section-height-default elementor-section-height-default elementor-section elementor-top-section\" data-id=\"2010248\" data-element_type=\"section\" data-settings=\"{&quot;background_background&quot;:&quot;classic&quot;}\">\n\t\t\t\t\t\t<div class=\"elementor-container elementor-column-gap-default\">\n\t\t\t\t<div class=\"elementor-row\">\n\t\t\t\t<div class=\"elementor-element elementor-element-1edb47f elementor-column elementor-col-100 elementor-top-column\" data-id=\"1edb47f\" data-element_type=\"column\">\n\t\t\t<div class=\"elementor-column-wrap  elementor-element-populated\">\n\t\t\t\t\t<div class=\"elementor-widget-wrap\">\n\t\t\t\t<div class=\"elementor-element elementor-element-f4c4c3e elementor-widget elementor-widget-heading\" data-id=\"f4c4c3e\" data-element_type=\"widget\" data-widget_type=\"heading.default\">\n\t\t\t\t<div class=\"elementor-widget-container\">\n\t\t\t<h2 class=\"elementor-heading-title elementor-size-default\">Inscri\u00e7\u00e3o - Player Not\u00e1vel<\/h2>\t\t<\/div>\n\t\t\t\t<\/div>\n\t\t\t\t\t\t<\/div>\n\t\t\t<\/div>\n\t\t<\/div>\n\t\t\t\t\t\t<\/div>\n\t\t\t<\/div>\n\t\t<\/section>\n\t\t\t\t<section class=\"elementor-element elementor-element-13a4ca2 elementor-section-boxed elementor-section-height-default elementor-section-height-default elementor-section elementor-top-section\" data-id=\"13a4ca2\" data-element_type=\"section\" data-settings=\"{&quot;background_background&quot;:&quot;classic&quot;}\">\n\t\t\t\t\t\t<div class=\"elementor-container elementor-column-gap-default\">\n\t\t\t\t<div class=\"elementor-row\">\n\t\t\t\t<div class=\"elementor-element elementor-element-5b74a1b elementor-column elementor-col-50 elementor-top-column\" data-id=\"5b74a1b\" data-element_type=\"column\">\n\t\t\t<div class=\"elementor-column-wrap  elementor-element-populated\">\n\t\t\t\t\t<div class=\"elementor-widget-wrap\">\n\t\t\t\t<div class=\"elementor-element elementor-element-d9f3203 elementor-widget elementor-widget-text-editor\" data-id=\"d9f3203\" data-element_type=\"widget\" data-widget_type=\"text-editor.default\">\n\t\t\t\t<div class=\"elementor-widget-container\">\n\t\t\t\t\t<div class=\"elementor-text-editor elementor-clearfix\"><p><span style=\"color: #ffff99;\">Player Not\u00e1vel<\/span>: Esta categoria \u00e9 para uso geral, qualquer jogador pode se inscrever desde que cumpra todos os par\u00e2metros legais estabelecidos nesta p\u00e1gina. Independentemente do n\u00edvel, mundo e voca\u00e7\u00e3o, voc\u00ea pode competir normalmente.<\/p><\/div>\n\t\t\t\t<\/div>\n\t\t\t\t<\/div>\n\t\t\t\t\t\t<\/div>\n\t\t\t<\/div>\n\t\t<\/div>\n\t\t\t\t<div class=\"elementor-element elementor-element-367d4cc elementor-column elementor-col-50 elementor-top-column\" data-id=\"367d4cc\" data-element_type=\"column\">\n\t\t\t<div class=\"elementor-column-wrap  elementor-element-populated\">\n\t\t\t\t\t<div class=\"elementor-widget-wrap\">\n\t\t\t\t<div class=\"elementor-element elementor-element-99cece0 elementor-widget elementor-widget-shortcode\" data-id=\"99cece0\" data-element_type=\"widget\" data-widget_type=\"shortcode.default\">\n\t\t\t\t<div class=\"elementor-widget-container\">\n\t\t\t\t\t<div class=\"elementor-shortcode\"><\/div>\n\t\t\t\t<\/div>\n\t\t\t\t<\/div>\n\t\t\t\t\t\t<\/div>\n\t\t\t<\/div>\n\t\t<\/div>\n\t\t\t\t\t\t<\/div>\n\t\t\t<\/div>\n\t\t<\/section>\n\t\t\t\t\t\t<\/div>\n\t\t\t<\/div>\n\t\t<\/div>\n\t\t","protected":false},"excerpt":{"rendered":"<p>Inscri\u00e7\u00e3o &#8211; Player Not\u00e1vel Player Not\u00e1vel: Esta categoria \u00e9 para uso geral, qualquer jogador pode se inscrever desde que cumpra todos os par\u00e2metros legais estabelecidos nesta p\u00e1gina. Independentemente do n\u00edvel, mundo e voca\u00e7\u00e3o, voc\u00ea pode competir normalmente.<\/p>\n","protected":false},"author":1,"featured_media":0,"parent":0,"menu_order":0,"comment_status":"closed","ping_status":"closed","template":"elementor_header_footer","meta":{"footnotes":""},"class_list":["post-307","page","type-page","status-publish","hentry"],"_links":{"self":[{"href":"https:\/\/bomdiatibia.com\/mda2020\/wp-json\/wp\/v2\/pages\/307","targetHints":{"allow":["GET"]}}],"collection":[{"href":"https:\/\/bomdiatibia.com\/mda2020\/wp-json\/wp\/v2\/pages"}],"about":[{"href":"https:\/\/bomdiatibia.com\/mda2020\/wp-json\/wp\/v2\/types\/page"}],"author":[{"embeddable":true,"href":"https:\/\/bomdiatibia.com\/mda2020\/wp-json\/wp\/v2\/users\/1"}],"replies":[{"embeddable":true,"href":"https:\/\/bomdiatibia.com\/mda2020\/wp-json\/wp\/v2\/comments?post=307"}],"version-history":[{"count":3,"href":"https:\/\/bomdiatibia.com\/mda2020\/wp-json\/wp\/v2\/pages\/307\/revisions"}],"predecessor-version":[{"id":370,"href":"https:\/\/bomdiatibia.com\/mda2020\/wp-json\/wp\/v2\/pages\/307\/revisions\/370"}],"wp:attachment":[{"href":"https:\/\/bomdiatibia.com\/mda2020\/wp-json\/wp\/v2\/media?parent=307"}],"curies":[{"name":"wp","href":"https:\/\/api.w.org\/{rel}","templated":true}]}}