{"id":309,"date":"2020-12-17T10:58:50","date_gmt":"2020-12-17T13:58:50","guid":{"rendered":"http:\/\/bomdiatibia.com\/mda2020\/?page_id=309"},"modified":"2020-12-18T00:43:23","modified_gmt":"2020-12-18T03:43:23","slug":"inscricao-melhor-streamer","status":"publish","type":"page","link":"https:\/\/bomdiatibia.com\/mda2020\/inscricao-melhor-streamer\/","title":{"rendered":"Inscri\u00e7\u00e3o \u2013 Melhor Streamer"},"content":{"rendered":"\t\t<div data-elementor-type=\"wp-page\" data-elementor-id=\"309\" class=\"elementor elementor-309\" data-elementor-settings=\"[]\">\n\t\t\t<div class=\"elementor-inner\">\n\t\t\t\t<div class=\"elementor-section-wrap\">\n\t\t\t\t\t\t\t<section class=\"elementor-element elementor-element-3e87581 elementor-section-boxed elementor-section-height-default elementor-section-height-default elementor-section elementor-top-section\" data-id=\"3e87581\" data-element_type=\"section\" data-settings=\"{&quot;background_background&quot;:&quot;classic&quot;}\">\n\t\t\t\t\t\t<div class=\"elementor-container elementor-column-gap-default\">\n\t\t\t\t<div class=\"elementor-row\">\n\t\t\t\t<div class=\"elementor-element elementor-element-2862ee6 elementor-column elementor-col-100 elementor-top-column\" data-id=\"2862ee6\" data-element_type=\"column\">\n\t\t\t<div class=\"elementor-column-wrap  elementor-element-populated\">\n\t\t\t\t\t<div class=\"elementor-widget-wrap\">\n\t\t\t\t<div class=\"elementor-element elementor-element-a29051f elementor-widget elementor-widget-image\" data-id=\"a29051f\" data-element_type=\"widget\" data-widget_type=\"image.default\">\n\t\t\t\t<div class=\"elementor-widget-container\">\n\t\t\t\t\t<div class=\"elementor-image\">\n\t\t\t\t\t\t\t\t\t\t<img loading=\"lazy\" decoding=\"async\" width=\"286\" height=\"289\" src=\"https:\/\/bomdiatibia.com\/mda2020\/wp-content\/uploads\/2020\/12\/streamer.png\" class=\"attachment-large size-large\" alt=\"\" srcset=\"https:\/\/bomdiatibia.com\/mda2020\/wp-content\/uploads\/2020\/12\/streamer.png 286w, https:\/\/bomdiatibia.com\/mda2020\/wp-content\/uploads\/2020\/12\/streamer-12x12.png 12w, https:\/\/bomdiatibia.com\/mda2020\/wp-content\/uploads\/2020\/12\/streamer-100x100.png 100w\" sizes=\"auto, 100vw\" \/>\t\t\t\t\t\t\t\t\t\t\t<\/div>\n\t\t\t\t<\/div>\n\t\t\t\t<\/div>\n\t\t\t\t\t\t<\/div>\n\t\t\t<\/div>\n\t\t<\/div>\n\t\t\t\t\t\t<\/div>\n\t\t\t<\/div>\n\t\t<\/section>\n\t\t\t\t<section class=\"elementor-element elementor-element-633296b elementor-section-boxed elementor-section-height-default elementor-section-height-default elementor-section elementor-top-section\" data-id=\"633296b\" data-element_type=\"section\" data-settings=\"{&quot;background_background&quot;:&quot;classic&quot;}\">\n\t\t\t\t\t\t<div class=\"elementor-container elementor-column-gap-default\">\n\t\t\t\t<div class=\"elementor-row\">\n\t\t\t\t<div class=\"elementor-element elementor-element-411dc3e elementor-column elementor-col-100 elementor-top-column\" data-id=\"411dc3e\" data-element_type=\"column\">\n\t\t\t<div class=\"elementor-column-wrap  elementor-element-populated\">\n\t\t\t\t\t<div class=\"elementor-widget-wrap\">\n\t\t\t\t<div class=\"elementor-element elementor-element-80441de elementor-widget elementor-widget-heading\" data-id=\"80441de\" data-element_type=\"widget\" data-widget_type=\"heading.default\">\n\t\t\t\t<div class=\"elementor-widget-container\">\n\t\t\t<h2 class=\"elementor-heading-title elementor-size-default\">Inscri\u00e7\u00e3o - Melhor Streamer<\/h2>\t\t<\/div>\n\t\t\t\t<\/div>\n\t\t\t\t\t\t<\/div>\n\t\t\t<\/div>\n\t\t<\/div>\n\t\t\t\t\t\t<\/div>\n\t\t\t<\/div>\n\t\t<\/section>\n\t\t\t\t<section class=\"elementor-element elementor-element-9a514da elementor-section-boxed elementor-section-height-default elementor-section-height-default elementor-section elementor-top-section\" data-id=\"9a514da\" data-element_type=\"section\" data-settings=\"{&quot;background_background&quot;:&quot;classic&quot;}\">\n\t\t\t\t\t\t<div class=\"elementor-container elementor-column-gap-default\">\n\t\t\t\t<div class=\"elementor-row\">\n\t\t\t\t<div class=\"elementor-element elementor-element-17ba9ab elementor-column elementor-col-50 elementor-top-column\" data-id=\"17ba9ab\" data-element_type=\"column\">\n\t\t\t<div class=\"elementor-column-wrap  elementor-element-populated\">\n\t\t\t\t\t<div class=\"elementor-widget-wrap\">\n\t\t\t\t<div class=\"elementor-element elementor-element-aac193e elementor-widget elementor-widget-text-editor\" data-id=\"aac193e\" data-element_type=\"widget\" data-widget_type=\"text-editor.default\">\n\t\t\t\t<div class=\"elementor-widget-container\">\n\t\t\t\t\t<div class=\"elementor-text-editor elementor-clearfix\"><p><span style=\"color: #ffff99;\">Melhor Streamer<\/span>:\u00a0\u00a0<span style=\"font-size: 1rem;\">Nesta categoria, voc\u00ea pode se inscrever-se como um streamer regular do Tibia. As plataformas aceitas para esta categoria s\u00e3o: Twitch,\u00a0 Youtube Gaming e Mixer. Diferentemente da categoria Youtuber, esta categoria \u00e9 dedicada aos jogadores que transmitem no formato Streaming (ao vivo) e n\u00e3o aos v\u00eddeos editados. Se o seu canal \u00e9 sobre v\u00eddeos editados, escolha a categoria Melhor Yotuber.<\/span><\/p><\/div>\n\t\t\t\t<\/div>\n\t\t\t\t<\/div>\n\t\t\t\t\t\t<\/div>\n\t\t\t<\/div>\n\t\t<\/div>\n\t\t\t\t<div class=\"elementor-element elementor-element-26c4835 elementor-column elementor-col-50 elementor-top-column\" data-id=\"26c4835\" data-element_type=\"column\">\n\t\t\t<div class=\"elementor-column-wrap  elementor-element-populated\">\n\t\t\t\t\t<div class=\"elementor-widget-wrap\">\n\t\t\t\t<div class=\"elementor-element elementor-element-52b3e2b elementor-widget elementor-widget-shortcode\" data-id=\"52b3e2b\" data-element_type=\"widget\" data-widget_type=\"shortcode.default\">\n\t\t\t\t<div class=\"elementor-widget-container\">\n\t\t\t\t\t<div class=\"elementor-shortcode\"><\/div>\n\t\t\t\t<\/div>\n\t\t\t\t<\/div>\n\t\t\t\t\t\t<\/div>\n\t\t\t<\/div>\n\t\t<\/div>\n\t\t\t\t\t\t<\/div>\n\t\t\t<\/div>\n\t\t<\/section>\n\t\t\t\t\t\t<\/div>\n\t\t\t<\/div>\n\t\t<\/div>\n\t\t","protected":false},"excerpt":{"rendered":"<p>Inscri\u00e7\u00e3o &#8211; Melhor Streamer Melhor Streamer:\u00a0\u00a0Nesta categoria, voc\u00ea pode se inscrever-se como um streamer regular do Tibia. As plataformas aceitas para esta categoria s\u00e3o: Twitch,\u00a0 Youtube Gaming e Mixer. Diferentemente da categoria Youtuber, esta categoria \u00e9 dedicada aos jogadores que transmitem no formato Streaming (ao vivo) e n\u00e3o aos v\u00eddeos editados. Se o seu canal &hellip; <\/p>\n<p class=\"link-more\"><a href=\"https:\/\/bomdiatibia.com\/mda2020\/inscricao-melhor-streamer\/\" class=\"more-link\">Continue lendo<span class=\"screen-reader-text\"> &#8220;Inscri\u00e7\u00e3o \u2013 Melhor Streamer&#8221;<\/span><\/a><\/p>\n","protected":false},"author":1,"featured_media":0,"parent":0,"menu_order":0,"comment_status":"closed","ping_status":"closed","template":"elementor_header_footer","meta":{"footnotes":""},"class_list":["post-309","page","type-page","status-publish","hentry"],"_links":{"self":[{"href":"https:\/\/bomdiatibia.com\/mda2020\/wp-json\/wp\/v2\/pages\/309","targetHints":{"allow":["GET"]}}],"collection":[{"href":"https:\/\/bomdiatibia.com\/mda2020\/wp-json\/wp\/v2\/pages"}],"about":[{"href":"https:\/\/bomdiatibia.com\/mda2020\/wp-json\/wp\/v2\/types\/page"}],"author":[{"embeddable":true,"href":"https:\/\/bomdiatibia.com\/mda2020\/wp-json\/wp\/v2\/users\/1"}],"replies":[{"embeddable":true,"href":"https:\/\/bomdiatibia.com\/mda2020\/wp-json\/wp\/v2\/comments?post=309"}],"version-history":[{"count":3,"href":"https:\/\/bomdiatibia.com\/mda2020\/wp-json\/wp\/v2\/pages\/309\/revisions"}],"predecessor-version":[{"id":371,"href":"https:\/\/bomdiatibia.com\/mda2020\/wp-json\/wp\/v2\/pages\/309\/revisions\/371"}],"wp:attachment":[{"href":"https:\/\/bomdiatibia.com\/mda2020\/wp-json\/wp\/v2\/media?parent=309"}],"curies":[{"name":"wp","href":"https:\/\/api.w.org\/{rel}","templated":true}]}}